{"id":6,"date":"2016-03-03T00:26:21","date_gmt":"2016-03-03T00:26:21","guid":{"rendered":"https:\/\/plomberiecd.com\/?page_id=6"},"modified":"2016-03-03T01:03:06","modified_gmt":"2016-03-03T01:03:06","slug":"front-page","status":"publish","type":"page","link":"https:\/\/plomberiecd.com\/","title":{"rendered":"Front Page"},"content":{"rendered":"<p>[vc_row row_height_percent=&#8221;0&#8243; back_image=&#8221;44547&#8243; back_repeat=&#8221;no-repeat&#8221; overlay_alpha=&#8221;50&#8243; gutter_size=&#8221;3&#8243; shift_y=&#8221;0&#8243;][vc_column width=&#8221;1\/2&#8243;][\/vc_column][vc_column column_width_percent=&#8221;100&#8243; back_color=&#8221;color-xsdn&#8221; overlay_alpha=&#8221;50&#8243; gutter_size=&#8221;3&#8243; medium_width=&#8221;0&#8243; shift_x=&#8221;0&#8243; shift_y=&#8221;0&#8243; z_index=&#8221;0&#8243; width=&#8221;1\/2&#8243;][vc_column_text]<img loading=\"lazy\" decoding=\"async\" class=\"size-medium wp-image-9 aligncenter\" src=\"https:\/\/plomberiecd.com\/wp-content\/uploads\/2016\/03\/large-300x275.jpg\" alt=\"large\" width=\"300\" height=\"275\" srcset=\"https:\/\/plomberiecd.com\/wp-content\/uploads\/2016\/03\/large-300x275.jpg 300w, https:\/\/plomberiecd.com\/wp-content\/uploads\/2016\/03\/large.jpg 642w\" sizes=\"auto, (max-width: 300px) 100vw, 300px\" \/>[\/vc_column_text][vc_column_text]Depuis plusieurs ann\u00e9es,\u00a0<b>Plomberie Christian David<\/b>\u00a0s\u2019est forg\u00e9 une solide r\u00e9putation d\u2019entreprise s\u00e9rieuse et comp\u00e9tente. Notre passion guide nos actions : servir avec le meilleur de notre savoir-faire notre client\u00e8le en effectuant des travaux qui suivent les r\u00e8gles de l\u2019art et cela, toujours dans les d\u00e9lais prescrits.<\/p>\n<p><b>Plomberie Christian David\u00a0<\/b>compte parmi ses employ\u00e9s des gens de m\u00e9tier exp\u00e9riment\u00e9s qui ont la compagnie \u00e0 c\u0153ur et qui ne reculent devant aucun effort pour rendre nos clients heureux. Chez\u00a0<b>Plomberie Christian David<\/b>, le respect, la sant\u00e9 et la s\u00e9curit\u00e9 de\u00a0nos employ\u00e9s sont importants et nous travaillons en \u00e9quipe \u00e0 am\u00e9liorer constamment nos connaissances au travail ainsi que nos comp\u00e9tences techniques. La formation de la rel\u00e8ve est aussi \u00e0 l\u2019avant-plan. Nos apprentis sont pris en charge par de bons tuyauteurs. Ces compagnons chevronn\u00e9s leur apprennent le m\u00e9tier tout en supervisant leurs progr\u00e8s avec rigueur et minutie, car nos apprentis d\u2019aujourd\u2019hui deviendront nos tuyauteurs de demain.[\/vc_column_text][vc_column_text]christian@plomberiecd.com<br \/>\nTel: (514) 820-2885<br \/>\nFax: (450) 588-0639<br \/>\nAddress:<br \/>\n7, Rue Robitaille,<br \/>\nL&#8217;\u00e9piphanie, (Qc) J5X 4N4[\/vc_column_text][\/vc_column][\/vc_row]<\/p>\n","protected":false},"excerpt":{"rendered":"<p>[vc_row row_height_percent=&#8221;0&#8243; back_image=&#8221;44547&#8243; back_repeat=&#8221;no-repeat&#8221; overlay_alpha=&#8221;50&#8243; gutter_size=&#8221;3&#8243; shift_y=&#8221;0&#8243;][vc_column width=&#8221;1\/2&#8243;][\/vc_column][vc_column column_width_percent=&#8221;100&#8243; back_color=&#8221;color-xsdn&#8221; overlay_alpha=&#8221;50&#8243; gutter_size=&#8221;3&#8243; medium_width=&#8221;0&#8243; shift_x=&#8221;0&#8243; shift_y=&#8221;0&#8243; z_index=&#8221;0&#8243; width=&#8221;1\/2&#8243;][vc_column_text][\/vc_column_text][vc_column_text]Depuis plusieurs ann\u00e9es,\u00a0Plomberie Christian [&hellip;]<\/p>\n","protected":false},"author":1,"featured_media":0,"parent":0,"menu_order":0,"comment_status":"closed","ping_status":"closed","template":"","meta":{"footnotes":""},"class_list":["post-6","page","type-page","status-publish","hentry"],"_links":{"self":[{"href":"https:\/\/plomberiecd.com\/index.php?rest_route=\/wp\/v2\/pages\/6","targetHints":{"allow":["GET"]}}],"collection":[{"href":"https:\/\/plomberiecd.com\/index.php?rest_route=\/wp\/v2\/pages"}],"about":[{"href":"https:\/\/plomberiecd.com\/index.php?rest_route=\/wp\/v2\/types\/page"}],"author":[{"embeddable":true,"href":"https:\/\/plomberiecd.com\/index.php?rest_route=\/wp\/v2\/users\/1"}],"replies":[{"embeddable":true,"href":"https:\/\/plomberiecd.com\/index.php?rest_route=%2Fwp%2Fv2%2Fcomments&post=6"}],"version-history":[{"count":24,"href":"https:\/\/plomberiecd.com\/index.php?rest_route=\/wp\/v2\/pages\/6\/revisions"}],"predecessor-version":[{"id":10,"href":"https:\/\/plomberiecd.com\/index.php?rest_route=\/wp\/v2\/pages\/6\/revisions\/10"}],"wp:attachment":[{"href":"https:\/\/plomberiecd.com\/index.php?rest_route=%2Fwp%2Fv2%2Fmedia&parent=6"}],"curies":[{"name":"wp","href":"https:\/\/api.w.org\/{rel}","templated":true}]}}